{"id":11,"date":"2025-01-22T10:02:44","date_gmt":"2025-01-22T10:02:44","guid":{"rendered":"https:\/\/4dogs.com.pl\/?page_id=11"},"modified":"2025-01-22T10:06:02","modified_gmt":"2025-01-22T10:06:02","slug":"11-2","status":"publish","type":"page","link":"https:\/\/4dogs.com.pl\/","title":{"rendered":"4DOGS Original"},"content":{"rendered":"\n<div class=\"wp-block-group alignfull has-global-padding is-layout-constrained wp-block-group-is-layout-constrained\" style=\"margin-top:0;margin-bottom:0\">\n<div class=\"wp-block-columns alignfull is-layout-flex wp-container-core-columns-is-layout-9c22b1e3 wp-block-columns-is-layout-flex\">\n<div class=\"wp-block-column is-layout-flow wp-block-column-is-layout-flow\" style=\"flex-basis:55%\">\n<div style=\"aspect-ratio:1;min-height:unset;\" class=\"wp-block-cover has-aspect-ratio\"><span aria-hidden=\"true\" class=\"wp-block-cover__background has-background-dim-0 has-background-dim\" style=\"background-color:#797166\"><\/span><img loading=\"lazy\" decoding=\"async\" width=\"1707\" height=\"2560\" class=\"wp-block-cover__image-background wp-image-14\" alt=\"\" src=\"https:\/\/4dogs.com.pl\/wp-content\/uploads\/2025\/01\/4dogs_Blue-37-scaled.jpg\" data-object-fit=\"cover\" srcset=\"https:\/\/4dogs.com.pl\/wp-content\/uploads\/2025\/01\/4dogs_Blue-37-scaled.jpg 1707w, https:\/\/4dogs.com.pl\/wp-content\/uploads\/2025\/01\/4dogs_Blue-37-200x300.jpg 200w, https:\/\/4dogs.com.pl\/wp-content\/uploads\/2025\/01\/4dogs_Blue-37-683x1024.jpg 683w, https:\/\/4dogs.com.pl\/wp-content\/uploads\/2025\/01\/4dogs_Blue-37-768x1152.jpg 768w, https:\/\/4dogs.com.pl\/wp-content\/uploads\/2025\/01\/4dogs_Blue-37-1024x1536.jpg 1024w, https:\/\/4dogs.com.pl\/wp-content\/uploads\/2025\/01\/4dogs_Blue-37-1365x2048.jpg 1365w\" sizes=\"auto, (max-width: 1707px) 100vw, 1707px\" \/><div class=\"wp-block-cover__inner-container is-layout-flow wp-block-cover-is-layout-flow\">\n<div style=\"height:var(--wp--preset--spacing--20)\" aria-hidden=\"true\" class=\"wp-block-spacer\"><\/div>\n<\/div><\/div>\n<\/div>\n\n\n\n<div class=\"wp-block-column is-vertically-aligned-center is-layout-flow wp-block-column-is-layout-flow\" style=\"padding-top:var(--wp--preset--spacing--60);padding-right:var(--wp--preset--spacing--60);padding-bottom:var(--wp--preset--spacing--60);padding-left:var(--wp--preset--spacing--60)\">\n<p><strong>4DogsOriginal<\/strong>&nbsp;to polska firma z Poznania specjalizuj\u0105ca si\u0119 w produkcji naturalnych gryzak\u00f3w, przysmak\u00f3w i zabawek dla ps\u00f3w. Wszystkie produkty wytwarzane s\u0105 w nowoczesnej manufakturze, gdzie dba si\u0119 o najwy\u017csz\u0105 jako\u015b\u0107 i bezpiecze\u0144stwo.<\/p>\n\n\n\n<p><strong>Czym si\u0119 zajmujemy?<\/strong><\/p>\n\n\n\n<ul class=\"wp-block-list\">\n<li><strong>Produkcja gryzak\u00f3w:<\/strong>&nbsp;G\u0142\u00f3wnym produktem s\u0105 gryzaki z poro\u017ca jelenia, kt\u00f3re s\u0105 bogate w kolagen i aminokwasy niezb\u0119dne dla zdrowia ps\u00f3w. Opr\u00f3cz poro\u017ca oferujemy r\u00f3wnie\u017c gryzaki z drewna (np. korze\u0144 wrzo\u015bca, patyk oliwny, kawowy czy cynamonowy) oraz sera himalajskiego Chhurpi.<\/li>\n\n\n\n<li><strong>Naturalne przysmaki:<\/strong>&nbsp;W asortymencie znajdziesz suszone mi\u0119so (np. penisy wo\u0142owe, uszy) i inne jednosk\u0142adnikowe przysmaki bez sztucznych dodatk\u00f3w.<\/li>\n\n\n\n<li><strong>Innowacyjne produkty:<\/strong>&nbsp;4Dogs Original wprowadza na rynek tak\u017ce produkty suplementowane proszkiem z poro\u017ca, takie jak mi\u0119sne paski czy kluski.<\/li>\n<\/ul>\n<\/div>\n<\/div>\n<\/div>\n\n\n\n<div class=\"wp-block-group alignfull has-global-padding is-layout-constrained wp-container-core-group-is-layout-54af5b55 wp-block-group-is-layout-constrained\" style=\"margin-top:0;margin-bottom:0;padding-top:var(--wp--preset--spacing--60);padding-bottom:var(--wp--preset--spacing--60)\">\n<h2 class=\"wp-block-heading alignwide has-text-align-center has-x-large-font-size\">4DogsOriginal &#8211; wszystko, czego potrzebuje Tw\u00f3j pies<\/h2>\n\n\n\n<div class=\"wp-block-buttons alignwide has-custom-font-size has-medium-font-size is-content-justification-center is-layout-flex wp-container-core-buttons-is-layout-c124d1c4 wp-block-buttons-is-layout-flex\">\n<div class=\"wp-block-button\"><a class=\"wp-block-button__link wp-element-button\" href=\"https:\/\/4dogsoriginal.com\/\">4DogsOriginal.com &#8211; sklep internetowy<\/a><\/div>\n\n\n\n<div class=\"wp-block-button\"><a class=\"wp-block-button__link wp-element-button\" href=\"https:\/\/allegro.pl\/uzytkownik\/4DogsOriginal\">Sklep 4DOGS na Allegro<\/a><\/div>\n<\/div>\n\n\n\n<p class=\"has-text-align-center has-medium-font-size\"><\/p>\n<\/div>\n\n\n\n<div class=\"wp-block-group alignfull has-global-padding is-layout-constrained wp-block-group-is-layout-constrained\" style=\"margin-top:0;margin-bottom:0;padding-top:var(--wp--preset--spacing--50);padding-bottom:var(--wp--preset--spacing--50)\">\n<div class=\"wp-block-columns alignwide is-layout-flex wp-container-core-columns-is-layout-fa584acd wp-block-columns-is-layout-flex\">\n<div class=\"wp-block-column is-vertically-aligned-center is-layout-flow wp-block-column-is-layout-flow\">\n<h2 class=\"wp-block-heading has-xx-large-font-size\"><strong>Co wyr\u00f3\u017cnia 4DogsOriginal?<\/strong><\/h2>\n\n\n\n<p class=\"has-medium-font-size\"><strong>Wysoka jako\u015b\u0107:<\/strong>&nbsp;Wszystkie produkty s\u0105 wytwarzane z najwy\u017cszej jako\u015bci surowc\u00f3w, a proces produkcji jest \u015bci\u015ble kontrolowany.<\/p>\n\n\n\n<p class=\"has-medium-font-size\"><strong>Naturalno\u015b\u0107:<\/strong>&nbsp;Gryzaki i przysmaki s\u0105 w 100% naturalne, bez sztucznych dodatk\u00f3w, konserwant\u00f3w czy GMO.<\/p>\n\n\n\n<p class=\"has-medium-font-size\"><strong>R\u00f3\u017cnorodno\u015b\u0107:<\/strong>&nbsp;Oferta jest bardzo szeroka, dzi\u0119ki czemu ka\u017cdy w\u0142a\u015bciciel psa znajdzie co\u015b odpowiedniego dla swojego pupila.<\/p>\n\n\n\n<p class=\"has-medium-font-size\"><strong>Polski producent:<\/strong>&nbsp;Kupuj\u0105c produkty 4DogsOriginal, wspierasz polsk\u0105 firm\u0119.<\/p>\n\n\n\n<p class=\"has-medium-font-size\"><\/p>\n<\/div>\n\n\n\n<div class=\"wp-block-column is-vertically-aligned-center is-layout-flow wp-block-column-is-layout-flow\">\n<figure class=\"wp-block-image size-full\"><img loading=\"lazy\" decoding=\"async\" width=\"1000\" height=\"1000\" src=\"https:\/\/4dogs.com.pl\/wp-content\/uploads\/2025\/01\/gryzak-z-poroza-jelenia-4dogs-hard-03-web.webp\" alt=\"\" class=\"wp-image-16\" style=\"aspect-ratio:1;object-fit:cover\" srcset=\"https:\/\/4dogs.com.pl\/wp-content\/uploads\/2025\/01\/gryzak-z-poroza-jelenia-4dogs-hard-03-web.webp 1000w, https:\/\/4dogs.com.pl\/wp-content\/uploads\/2025\/01\/gryzak-z-poroza-jelenia-4dogs-hard-03-web-300x300.webp 300w, https:\/\/4dogs.com.pl\/wp-content\/uploads\/2025\/01\/gryzak-z-poroza-jelenia-4dogs-hard-03-web-150x150.webp 150w, https:\/\/4dogs.com.pl\/wp-content\/uploads\/2025\/01\/gryzak-z-poroza-jelenia-4dogs-hard-03-web-768x768.webp 768w\" sizes=\"auto, (max-width: 1000px) 100vw, 1000px\" \/><\/figure>\n<\/div>\n<\/div>\n<\/div>\n\n\n\n<div class=\"wp-block-group alignfull has-global-padding is-layout-constrained wp-block-group-is-layout-constrained\" style=\"margin-top:0;margin-bottom:0;padding-top:var(--wp--preset--spacing--50);padding-bottom:var(--wp--preset--spacing--50)\">\n<div class=\"wp-block-columns alignwide is-layout-flex wp-container-core-columns-is-layout-fa584acd wp-block-columns-is-layout-flex\">\n<div class=\"wp-block-column is-vertically-aligned-center is-layout-flow wp-block-column-is-layout-flow\">\n<h2 class=\"wp-block-heading has-xx-large-font-size\"><strong><strong>Dlaczego warto wybra\u0107 4DogsOriginal?<\/strong><\/strong><\/h2>\n\n\n\n<p class=\"has-medium-font-size\"><strong>Zdrowie psa:<\/strong>&nbsp;Naturalne gryzaki pomagaj\u0105 w utrzymaniu higieny jamy ustnej, redukuj\u0105 kamie\u0144 naz\u0119bny i dostarczaj\u0105 niezb\u0119dnych sk\u0142adnik\u00f3w od\u017cywczych.<\/p>\n\n\n\n<p class=\"has-medium-font-size\"><strong>Bezpiecze\u0144stwo:<\/strong>&nbsp;Produkty s\u0105 bezpieczne dla ps\u00f3w, nie zawieraj\u0105 drzazg ani szkodliwych substancji.<\/p>\n\n\n\n<p class=\"has-medium-font-size\"><strong>Rado\u015b\u0107 dla psa:<\/strong>&nbsp;Gryzaki i zabawki zapewniaj\u0105 psom rozrywk\u0119 i pomagaj\u0105 zaspokoi\u0107 naturaln\u0105 potrzeb\u0119 gryzienia.<\/p>\n\n\n\n<p class=\"has-medium-font-size\"><\/p>\n<\/div>\n\n\n\n<div class=\"wp-block-column is-vertically-aligned-center is-layout-flow wp-block-column-is-layout-flow\">\n<figure class=\"wp-block-image size-full\"><img loading=\"lazy\" decoding=\"async\" width=\"1000\" height=\"1000\" src=\"https:\/\/4dogs.com.pl\/wp-content\/uploads\/2025\/01\/4dogs-suszony-penis-wolowy-dla-psa-03-web.webp\" alt=\"\" class=\"wp-image-17\" style=\"aspect-ratio:1;object-fit:cover\" srcset=\"https:\/\/4dogs.com.pl\/wp-content\/uploads\/2025\/01\/4dogs-suszony-penis-wolowy-dla-psa-03-web.webp 1000w, https:\/\/4dogs.com.pl\/wp-content\/uploads\/2025\/01\/4dogs-suszony-penis-wolowy-dla-psa-03-web-300x300.webp 300w, https:\/\/4dogs.com.pl\/wp-content\/uploads\/2025\/01\/4dogs-suszony-penis-wolowy-dla-psa-03-web-150x150.webp 150w, https:\/\/4dogs.com.pl\/wp-content\/uploads\/2025\/01\/4dogs-suszony-penis-wolowy-dla-psa-03-web-768x768.webp 768w\" sizes=\"auto, (max-width: 1000px) 100vw, 1000px\" \/><\/figure>\n<\/div>\n<\/div>\n<\/div>\n\n\n\n<div class=\"wp-block-group alignfull has-global-padding is-layout-constrained wp-block-group-is-layout-constrained\" style=\"margin-top:0;margin-bottom:0\">\n<div class=\"wp-block-group alignwide is-layout-flow wp-container-core-group-is-layout-d58a0413 wp-block-group-is-layout-flow\" style=\"padding-top:var(--wp--preset--spacing--50);padding-bottom:var(--wp--preset--spacing--50)\">\n<h2 class=\"wp-block-heading has-x-large-font-size\">Najcz\u0119\u015bciej Zadawane Pytania<\/h2>\n\n\n\n<div class=\"wp-block-columns is-layout-flex wp-container-core-columns-is-layout-cbe57604 wp-block-columns-is-layout-flex\">\n<div class=\"wp-block-column is-layout-flow wp-block-column-is-layout-flow\">\n<div class=\"wp-block-group is-layout-flow wp-block-group-is-layout-flow\" style=\"border-top-color:var(--wp--preset--color--accent-6);border-top-width:1px;padding-top:var(--wp--preset--spacing--30);padding-bottom:var(--wp--preset--spacing--30)\">\n<h3 class=\"wp-block-heading\">Jak wybra\u0107 odpowiedni gryzak dla mojego psa?<\/h3>\n\n\n\n<p>Na stronie 4DOGS, w opisie ka\u017cdego produktu znajdziesz szczeg\u00f3\u0142owe informacje i wskaz\u00f3wki, kt\u00f3re pomog\u0105 Ci dokona\u0107 wyboru. Je\u015bli potrzebujesz dodatkowej pomocy, skontaktuj si\u0119 z nami \u2013 ch\u0119tnie doradzimy najlepsze rozwi\u0105zanie dla Twojego pupila.<\/p>\n<\/div>\n<\/div>\n\n\n\n<div class=\"wp-block-column is-layout-flow wp-block-column-is-layout-flow\">\n<div class=\"wp-block-group is-layout-flow wp-block-group-is-layout-flow\" style=\"border-top-color:var(--wp--preset--color--accent-6);border-top-width:1px;padding-top:var(--wp--preset--spacing--30);padding-bottom:var(--wp--preset--spacing--30)\">\n<h3 class=\"wp-block-heading\">Jak wygl\u0105da proces wysy\u0142ki i czy oferujecie zwroty?<\/h3>\n\n\n\n<p>Zam\u00f3wienia wysy\u0142amy najp\u00f3\u017aniej nast\u0119pnego dnia roboczego od z\u0142o\u017cenia, a wszystkie przesy\u0142ki s\u0105 starannie zapakowane, aby dotar\u0142y do Ciebie w idealnym stanie. Je\u015bli z jakiego\u015b powodu produkt nie spe\u0142nia Twoich oczekiwa\u0144, oferujemy mo\u017cliwo\u015b\u0107 zwrotu w ci\u0105gu 30 dni. Szczeg\u00f3\u0142y znajdziesz w naszej polityce zwrot\u00f3w.<\/p>\n<\/div>\n<\/div>\n<\/div>\n\n\n\n<div class=\"wp-block-columns is-layout-flex wp-container-core-columns-is-layout-cbe57604 wp-block-columns-is-layout-flex\">\n<div class=\"wp-block-column is-layout-flow wp-block-column-is-layout-flow\">\n<div class=\"wp-block-group is-layout-flow wp-block-group-is-layout-flow\" style=\"border-top-color:var(--wp--preset--color--accent-6);border-top-width:1px;padding-top:var(--wp--preset--spacing--30);padding-bottom:var(--wp--preset--spacing--30)\">\n<h3 class=\"wp-block-heading\">Czym wyr\u00f3\u017cniaj\u0105 si\u0119 produkty marki 4Dogs Original?<\/h3>\n\n\n\n<p>Nasze produkty to naturalne i zdrowe przysmaki, kt\u00f3re powsta\u0142y z my\u015bl\u0105 o zaspokojeniu naturalnych potrzeb ps\u00f3w. Oferujemy gryzaki wykonane z poro\u017ca i drewna, sery himalajskie oraz innowacyjne przek\u0105ski z kolagenem z poro\u017ca. Stawiamy na najwy\u017csz\u0105 jako\u015b\u0107 i bezpiecze\u0144stwo, zapewniaj\u0105c Twojemu pupilowi zar\u00f3wno rado\u015b\u0107, jak i wsparcie dla zdrowia jamy ustnej oraz staw\u00f3w.<\/p>\n<\/div>\n<\/div>\n\n\n\n<div class=\"wp-block-column is-layout-flow wp-block-column-is-layout-flow\">\n<div class=\"wp-block-group is-layout-flow wp-block-group-is-layout-flow\" style=\"border-top-color:var(--wp--preset--color--accent-6);border-top-width:1px;padding-top:var(--wp--preset--spacing--30);padding-bottom:var(--wp--preset--spacing--30)\">\n<h3 class=\"wp-block-heading\">Sk\u0105d pochodzi u\u017cywane przez nas poro\u017ce?<\/h3>\n\n\n\n<p>Nasze gryzaki z poro\u017ca powstaj\u0105 wy\u0142\u0105cznie ze zrzut\u00f3w \u2013 poro\u017ca, kt\u00f3re jelenie naturalnie zrzucaj\u0105 ka\u017cdego roku. Dzi\u0119ki temu proces pozyskiwania surowca jest w pe\u0142ni etyczny, nie powoduje szkody dla zwierz\u0105t, a jednocze\u015bnie pozwala tworzy\u0107 zdrowe i ekologiczne przysmaki dla ps\u00f3w.<\/p>\n<\/div>\n<\/div>\n<\/div>\n<\/div>\n<\/div>\n\n\n\n<aside class=\"wp-block-group alignfull is-style-section-5 has-global-padding is-layout-constrained wp-container-core-group-is-layout-b25ccd55 wp-block-group-is-layout-constrained is-style-section-5--1\" style=\"margin-top:0;margin-bottom:0;padding-top:var(--wp--preset--spacing--50);padding-right:var(--wp--preset--spacing--50);padding-bottom:var(--wp--preset--spacing--50);padding-left:var(--wp--preset--spacing--50)\">\n<div class=\"wp-block-group is-vertical is-content-justification-center is-layout-flex wp-container-core-group-is-layout-8778ca4a wp-block-group-is-layout-flex\" style=\"min-height:360px;margin-top:0;margin-bottom:0\">\n<h2 class=\"wp-block-heading has-text-align-center has-xx-large-font-size\">Odwied\u017a sklep 4DogsOriginal.com<\/h2>\n\n\n\n<div style=\"height:0px\" aria-hidden=\"true\" class=\"wp-block-spacer wp-container-content-62aae154\"><\/div>\n\n\n\n<div class=\"wp-block-buttons is-content-justification-center is-layout-flex wp-container-core-buttons-is-layout-a89b3969 wp-block-buttons-is-layout-flex\">\n<div class=\"wp-block-button\"><a class=\"wp-block-button__link has-text-align-center wp-element-button\" href=\"https:\/\/4dogsoriginal.com\/\">Sklep z Naturalnymi Gryzakami<\/a><\/div>\n<\/div>\n<\/div>\n<\/aside>\n","protected":false},"excerpt":{"rendered":"<p>4DogsOriginal&nbsp;to polska firma z Poznania specjalizuj\u0105ca si\u0119 w produkcji naturalnych gryzak\u00f3w, przysmak\u00f3w i zabawek dla ps\u00f3w. Wszystkie produkty wytwarzane s\u0105 w nowoczesnej manufakturze, gdzie dba si\u0119 o najwy\u017csz\u0105 jako\u015b\u0107 i bezpiecze\u0144stwo. Czym si\u0119 zajmujemy? 4DogsOriginal &#8211; wszystko, czego potrzebuje Tw\u00f3j pies Co wyr\u00f3\u017cnia 4DogsOriginal? Wysoka jako\u015b\u0107:&nbsp;Wszystkie produkty s\u0105 wytwarzane z najwy\u017cszej jako\u015bci surowc\u00f3w, a proces [&hellip;]<\/p>\n","protected":false},"author":1,"featured_media":0,"parent":0,"menu_order":0,"comment_status":"closed","ping_status":"closed","template":"","meta":{"footnotes":""},"class_list":["post-11","page","type-page","status-publish","hentry"],"_links":{"self":[{"href":"https:\/\/4dogs.com.pl\/index.php?rest_route=\/wp\/v2\/pages\/11","targetHints":{"allow":["GET"]}}],"collection":[{"href":"https:\/\/4dogs.com.pl\/index.php?rest_route=\/wp\/v2\/pages"}],"about":[{"href":"https:\/\/4dogs.com.pl\/index.php?rest_route=\/wp\/v2\/types\/page"}],"author":[{"embeddable":true,"href":"https:\/\/4dogs.com.pl\/index.php?rest_route=\/wp\/v2\/users\/1"}],"replies":[{"embeddable":true,"href":"https:\/\/4dogs.com.pl\/index.php?rest_route=%2Fwp%2Fv2%2Fcomments&post=11"}],"version-history":[{"count":4,"href":"https:\/\/4dogs.com.pl\/index.php?rest_route=\/wp\/v2\/pages\/11\/revisions"}],"predecessor-version":[{"id":20,"href":"https:\/\/4dogs.com.pl\/index.php?rest_route=\/wp\/v2\/pages\/11\/revisions\/20"}],"wp:attachment":[{"href":"https:\/\/4dogs.com.pl\/index.php?rest_route=%2Fwp%2Fv2%2Fmedia&parent=11"}],"curies":[{"name":"wp","href":"https:\/\/api.w.org\/{rel}","templated":true}]}}